{"id":37721,"date":"2023-06-07T21:11:43","date_gmt":"2023-06-08T03:11:43","guid":{"rendered":"http:\/\/mdawalliance.wwwmi3-tr2.supercp.com\/contacto\/"},"modified":"2023-08-08T16:11:16","modified_gmt":"2023-08-08T16:11:16","slug":"contacto","status":"publish","type":"page","link":"https:\/\/www.mdawalliance.org\/es\/contacto\/","title":{"rendered":"Contacto"},"content":{"rendered":"<p>[et_pb_section fb_built=\u00bb1&#8243; custom_padding_last_edited=\u00bbon|desktop\u00bb _builder_version=\u00bb4.21.0&#8243; background_color=\u00bbrgba(0,0,0,0)\u00bb use_background_color_gradient=\u00bbon\u00bb background_color_gradient_direction=\u00bb1deg\u00bb background_color_gradient_stops=\u00bbrgba(9,47,135,0) 21%|#092f87 93%\u00bb background_color_gradient_overlays_image=\u00bbon\u00bb background_color_gradient_start=\u00bb#212c91&#8243; background_color_gradient_end=\u00bbrgba(12,16,40,0.2)\u00bb background_image=\u00bbhttps:\/\/www.mdawalliance.org\/wp-content\/uploads\/2023\/08\/header-services.jpg\u00bb background_position=\u00bbtop_center\u00bb background_blend=\u00bbdarken\u00bb z_index=\u00bb0&#8243; custom_padding=\u00bb60px||200px||false|false\u00bb custom_padding_tablet=\u00bb60px||400px||false|false\u00bb custom_padding_phone=\u00bb60px||50px||false|false\u00bb bottom_divider_height=\u00bb150px\u00bb background_last_edited=\u00bbon|tablet\u00bb background_position_phone=\u00bbcenter\u00bb global_colors_info=\u00bb{}\u00bb background__hover_enabled=\u00bbon|desktop\u00bb background_color_gradient_stops__hover=\u00bbrgba(9,47,135,0) 32%|#092f87 100%\u00bb use_background_color_gradient__hover=\u00bbon\u00bb][et_pb_row custom_padding_last_edited=\u00bbon|phone\u00bb _builder_version=\u00bb4.21.0&#8243; background_size=\u00bbinitial\u00bb background_position=\u00bbtop_left\u00bb background_repeat=\u00bbrepeat\u00bb custom_margin_tablet=\u00bb||||false|false\u00bb custom_margin_phone=\u00bb||||false|false\u00bb custom_margin_last_edited=\u00bbon|tablet\u00bb custom_padding_tablet=\u00bb0px||||false|false\u00bb custom_padding_phone=\u00bb0px||||false|false\u00bb global_colors_info=\u00bb{}\u00bb][et_pb_column type=\u00bb4_4&#8243; _builder_version=\u00bb4.21.0&#8243; custom_padding=\u00bb|||\u00bb custom_padding_tablet=\u00bb0px||||false|false\u00bb custom_padding_phone=\u00bb0px||||false|false\u00bb custom_padding_last_edited=\u00bbon|tablet\u00bb global_colors_info=\u00bb{}\u00bb custom_padding__hover=\u00bb|||\u00bb][et_pb_text _builder_version=\u00bb4.21.0&#8243; _module_preset=\u00bbdefault\u00bb header_font=\u00bb|300|||||||\u00bb header_line_height=\u00bb1.2em\u00bb header_2_font=\u00bb||||||||\u00bb header_2_font_size=\u00bb28px\u00bb header_2_line_height=\u00bb1.4em\u00bb header_4_font=\u00bb|||on|||||\u00bb header_4_text_color=\u00bb#FFFFFF\u00bb header_4_font_size=\u00bb16px\u00bb header_4_letter_spacing=\u00bb3px\u00bb header_4_line_height=\u00bb1.8em\u00bb text_orientation=\u00bbcenter\u00bb background_layout=\u00bbdark\u00bb max_width=\u00bb600px\u00bb module_alignment=\u00bbcenter\u00bb custom_padding=\u00bb130px||||false|false\u00bb custom_padding_tablet=\u00bb157px||||false|false\u00bb custom_padding_phone=\u00bb120px||||false|false\u00bb custom_padding_last_edited=\u00bbon|phone\u00bb header_font_size_tablet=\u00bb\u00bb header_font_size_phone=\u00bb30px\u00bb header_font_size_last_edited=\u00bbon|phone\u00bb text_text_shadow_style=\u00bbpreset1&#8243; text_text_shadow_vertical_length=\u00bb0.18em\u00bb text_text_shadow_blur_strength=\u00bb0.5em\u00bb text_text_shadow_color=\u00bbrgba(0,0,0,0.95)\u00bb global_colors_info=\u00bb{}\u00bb]<\/p>\n<h1>Comun\u00edquese con la Alianza de Bienestar Animal de Metro Denver<\/h1>\n<p>[\/et_pb_text][et_pb_divider color=\u00bbrgba(255,255,255,0.6)\u00bb divider_style=\u00bbdotted\u00bb divider_weight=\u00bb8px\u00bb show_divider_tablet=\u00bb\u00bb show_divider_phone=\u00bbon\u00bb show_divider_last_edited=\u00bbon|phone\u00bb disabled_on=\u00bboff|off|off\u00bb _builder_version=\u00bb4.21.0&#8243; width=\u00bb50px\u00bb max_width=\u00bb50px\u00bb module_alignment=\u00bbcenter\u00bb custom_margin=\u00bb30px||27px||false|false\u00bb custom_padding=\u00bb||60px||false|false\u00bb animation_style=\u00bbzoom\u00bb animation_duration=\u00bb2000ms\u00bb animation_delay=\u00bb500ms\u00bb animation_intensity_zoom=\u00bb100%\u00bb global_colors_info=\u00bb{}\u00bb][\/et_pb_divider][\/et_pb_column][\/et_pb_row][\/et_pb_section][et_pb_section fb_built=\u00bb1&#8243; _builder_version=\u00bb4.21.0&#8243; background_color=\u00bbRGBA(255,255,255,0)\u00bb custom_margin=\u00bb-50px||||false|false\u00bb custom_padding=\u00bb0px||0px||false|false\u00bb global_colors_info=\u00bb{}\u00bb][et_pb_row _builder_version=\u00bb4.21.0&#8243; max_width=\u00bb120px\u00bb module_alignment=\u00bbcenter\u00bb custom_margin=\u00bb||||false|false\u00bb custom_padding=\u00bb0px||0px||false|false\u00bb global_colors_info=\u00bb{}\u00bb][et_pb_column type=\u00bb4_4&#8243; _builder_version=\u00bb4.16&#8243; global_colors_info=\u00bb{}\u00bb][dipi_hover_box use_content_icon=\u00bbon\u00bb content_icon=\u00bb&#x22;||divi||400&#8243; content_icon_color=\u00bb#f4f4f4&#8243; content_circle_icon=\u00bbon\u00bb content_circle_color=\u00bb#092F87&#8243; use_content_hover_icon=\u00bbon\u00bb content_hover_icon=\u00bb&#x22;||divi||400&#8243; content_hover_icon_color=\u00bb#092F87&#8243; content_hover_circle_icon=\u00bbon\u00bb content_hover_circle_color=\u00bb#ffffff\u00bb hover_box_align_front=\u00bbtop\u00bb hover_box_align_back=\u00bbtop\u00bb box_height=\u00bb120px\u00bb content_bg_color=\u00bbrgba(0,0,0,0)\u00bb content_hover_bg_color=\u00bbrgba(0,0,0,0)\u00bb _builder_version=\u00bb4.21.0&#8243; background_color=\u00bbrgba(0,0,0,0)\u00bb max_width=\u00bb90px\u00bb module_alignment=\u00bbcenter\u00bb custom_margin=\u00bb||||false|false\u00bb custom_padding=\u00bb||||false|false\u00bb animation_style=\u00bbbounce\u00bb animation_direction=\u00bbtop\u00bb animation_duration=\u00bb2000ms\u00bb animation_delay=\u00bb2000ms\u00bb animation_speed_curve=\u00bbease-out\u00bb link_option_url=\u00bb#section1&#8243; custom_css_content_card_container=\u00bbpadding:0!important;\u00bb custom_css_content_hover_card_container=\u00bbpadding:0!important;\u00bb border_radii=\u00bbon|100px|100px|100px|100px\u00bb global_colors_info=\u00bb{}\u00bb background__hover_enabled=\u00bbon|desktop\u00bb overlay_bg_color_gradient_type_tablet=\u00bblinear\u00bb overlay_bg_color_gradient_type_phone=\u00bblinear\u00bb overlay_bg_color_gradient_type__hover=\u00bblinear\u00bb image_bg_color_gradient_type__hover=\u00bblinear\u00bb][\/dipi_hover_box][\/et_pb_column][\/et_pb_row][\/et_pb_section][et_pb_section fb_built=\u00bb1&#8243; module_id=\u00bbsection1&#8243; _builder_version=\u00bb4.21.0&#8243; background_color=\u00bbRGBA(255,255,255,0)\u00bb use_background_color_gradient=\u00bbon\u00bb background_color_gradient_stops=\u00bb#ffffff 0%|#f2f2f2 90%\u00bb background_enable_image=\u00bboff\u00bb background_size=\u00bbcontain\u00bb background_position=\u00bbcenter_right\u00bb custom_padding=\u00bb50px||50px||false|false\u00bb top_divider_height=\u00bb150px\u00bb top_divider_flip=\u00bbhorizontal|vertical\u00bb bottom_divider_flip=\u00bbhorizontal|vertical\u00bb global_colors_info=\u00bb{}\u00bb][et_pb_row _builder_version=\u00bb4.21.0&#8243; _module_preset=\u00bbdefault\u00bb global_colors_info=\u00bb{}\u00bb][et_pb_column type=\u00bb4_4&#8243; _builder_version=\u00bb4.21.0&#8243; _module_preset=\u00bbdefault\u00bb global_colors_info=\u00bb{}\u00bb][et_pb_text _builder_version=\u00bb4.21.0&#8243; _module_preset=\u00bbdefault\u00bb text_orientation=\u00bbcenter\u00bb max_width=\u00bb860px\u00bb module_alignment=\u00bbcenter\u00bb global_colors_info=\u00bb{}\u00bb]<\/p>\n<p>MDAWA no tiene puestos de personal remunerado. Si est\u00e1 interesado en trabajar o ser voluntario en MDAWA, comun\u00edquese directamente con la organizaci\u00f3n.<\/p>\n<p>[\/et_pb_text][\/et_pb_column][\/et_pb_row][\/et_pb_section][et_pb_section fb_built=\u00bb1&#8243; module_id=\u00bbwhoweare\u00bb _builder_version=\u00bb4.21.0&#8243; background_color=\u00bb#FFFFFF\u00bb background_enable_image=\u00bboff\u00bb background_size=\u00bbcontain\u00bb background_position=\u00bbcenter_right\u00bb custom_padding=\u00bb50px||50px||false|false\u00bb top_divider_height=\u00bb150px\u00bb top_divider_flip=\u00bbhorizontal|vertical\u00bb bottom_divider_flip=\u00bbhorizontal|vertical\u00bb global_colors_info=\u00bb{}\u00bb][et_pb_row _builder_version=\u00bb4.21.0&#8243; max_width=\u00bb800px\u00bb module_alignment=\u00bbcenter\u00bb custom_margin=\u00bb||||false|false\u00bb custom_padding=\u00bb||||false|false\u00bb global_colors_info=\u00bb{}\u00bb][et_pb_column type=\u00bb4_4&#8243; _builder_version=\u00bb4.21.0&#8243; global_colors_info=\u00bb{}\u00bb][et_pb_divider color=\u00bb#63CABA\u00bb divider_style=\u00bbdotted\u00bb divider_position=\u00bbbottom\u00bb divider_weight=\u00bb8px\u00bb _builder_version=\u00bb4.21.0&#8243; width=\u00bb50px\u00bb max_width=\u00bb50px\u00bb module_alignment=\u00bbcenter\u00bb custom_margin=\u00bb||20px||false|false\u00bb animation_style=\u00bbzoom\u00bb animation_duration=\u00bb2000ms\u00bb animation_delay=\u00bb500ms\u00bb animation_intensity_zoom=\u00bb100%\u00bb hover_enabled=\u00bb0&#8243; global_colors_info=\u00bb{}\u00bb sticky_enabled=\u00bb0&#8243;][\/et_pb_divider][et_pb_text _builder_version=\u00bb4.21.0&#8243; _module_preset=\u00bbdefault\u00bb text_font=\u00bb||on||||||\u00bb text_font_size=\u00bb14px\u00bb hover_enabled=\u00bb0&#8243; sticky_enabled=\u00bb0&#8243;]<\/p>\n<p>* = necesario<\/p>\n<p>[\/et_pb_text][dvppl_cf7_styler cf7=\u00bb37402&#8243; admin_label=\u00bbContact Form\u00bb _builder_version=\u00bb4.21.0&#8243; _module_preset=\u00bbdefault\u00bb custom_submit_button=\u00bbon\u00bb submit_button_text_size=\u00bb20px\u00bb submit_button_text_color=\u00bb#FFFFFF\u00bb submit_button_bg_color=\u00bb#092F87&#8243; submit_button_border_color=\u00bb#092F87&#8243; hover_enabled=\u00bb0&#8243; global_colors_info=\u00bb{}\u00bb submit_button_bg_color__hover_enabled=\u00bbon|hover\u00bb submit_button_bg_color__hover=\u00bb#63CABA\u00bb submit_button_bg_enable_color__hover=\u00bbon\u00bb submit_button_border_color__hover_enabled=\u00bbon|desktop\u00bb submit_button_border_color__hover=\u00bb#63CABA\u00bb sticky_enabled=\u00bb0&#8243;][\/dvppl_cf7_styler][\/et_pb_column][\/et_pb_row][\/et_pb_section]<\/p>\n","protected":false},"excerpt":{"rendered":"<p>Comun\u00edquese con la Alianza de Bienestar Animal de Metro Denver<div class=\"et_pb_module dipi_hover_box dipi_hover_box_0 et_animated et_clickable et_pb_section_video_on_hover\">\n\t\t\t\t\n\t\t\t\t\n\t\t\t\t\n\t\t\t\t\n\t\t\t\t\n\t\t\t\t\n\t\t\t\t<div class=\"et_pb_module_inner\">\n\t\t\t\t\t<div class=\"dipi-hover-box-container dipi-hover-box-slide-top hover_box_align_front_top hover_box_align_back_top\" data-force_square=\"off\">\n                <div class=\"dipi-hover-box-inner-wrapper\">\n                    <div class=\"dipi-hover-box-content\">\n              \n              <div class=\"dipi-hover-box-content-innner\">\n                    <div class=\"dipi-content-image-icon-wrap dipi-icon-wrap\">\n                    <span class=\"et-pb-icon et-pb-font-icon dipi-hover-box-content-icon dipi-content-icon-circle\">&#x22;<\/span>\n                <\/div>\n                    <div class=\"dipi-text\">\n                        \n                        <div class=\"dipi-desc\"><\/div>\n                    <\/div>\n              <\/div>\n            <\/div>\n            \n                    <div class=\"dipi-hover-box-hover\">\n                \n                <div class=\"dipi-hover-box-hover-innner\">\n                    <div class=\"dipi-hover-image-icon-wrap dipi-icon-wrap\">\n                    <span class=\"et-pb-icon et-pb-font-icon dipi-hover-box-hover-icon  dipi-hover-icon-circle\">\n                        &#x22;\n                    <\/span>\n                <\/div>\n                    <div class=\"dipi-text\">\n                        \n                        <div class=\"dipi-desc\">\n                    \n                <\/div>\n                    <\/div>\n                    \n                <\/div>\n            <\/div>\n                <\/div>\n            <\/div>\n\t\t\t\t<\/div>\n\t\t\t<\/div>MDAWA no tiene puestos de personal remunerado. Si est\u00e1 interesado [&hellip;]<\/p>\n","protected":false},"author":1,"featured_media":0,"parent":0,"menu_order":0,"comment_status":"closed","ping_status":"closed","template":"","meta":{"_et_pb_use_builder":"on","_et_pb_old_content":"","_et_gb_content_width":"","footnotes":""},"class_list":["post-37721","page","type-page","status-publish","hentry"],"_links":{"self":[{"href":"https:\/\/www.mdawalliance.org\/es\/wp-json\/wp\/v2\/pages\/37721","targetHints":{"allow":["GET"]}}],"collection":[{"href":"https:\/\/www.mdawalliance.org\/es\/wp-json\/wp\/v2\/pages"}],"about":[{"href":"https:\/\/www.mdawalliance.org\/es\/wp-json\/wp\/v2\/types\/page"}],"author":[{"embeddable":true,"href":"https:\/\/www.mdawalliance.org\/es\/wp-json\/wp\/v2\/users\/1"}],"replies":[{"embeddable":true,"href":"https:\/\/www.mdawalliance.org\/es\/wp-json\/wp\/v2\/comments?post=37721"}],"version-history":[{"count":2,"href":"https:\/\/www.mdawalliance.org\/es\/wp-json\/wp\/v2\/pages\/37721\/revisions"}],"predecessor-version":[{"id":37723,"href":"https:\/\/www.mdawalliance.org\/es\/wp-json\/wp\/v2\/pages\/37721\/revisions\/37723"}],"wp:attachment":[{"href":"https:\/\/www.mdawalliance.org\/es\/wp-json\/wp\/v2\/media?parent=37721"}],"curies":[{"name":"wp","href":"https:\/\/api.w.org\/{rel}","templated":true}]}}